{"id":8159,"date":"2024-10-14T14:29:24","date_gmt":"2024-10-14T14:29:24","guid":{"rendered":"https:\/\/demo.casethemes.net\/maiko\/?page_id=8159"},"modified":"2024-10-14T14:29:24","modified_gmt":"2024-10-14T14:29:24","slug":"grid-wide","status":"publish","type":"page","link":"https:\/\/otbi.be\/nl\/grid-wide\/","title":{"rendered":"Grid Wide"},"content":{"rendered":"<div data-elementor-type=\"wp-page\" data-elementor-id=\"8159\" class=\"elementor elementor-8159\" data-elementor-post-type=\"page\">\n\t\t\t\t        <section class=\"elementor-section elementor-top-section elementor-element elementor-element-8f7b65d elementor-section-stretched elementor-section-full_width elementor-section-height-default elementor-section-height-default pxl-row-scroll-none pxl-zoom-point-false pxl-section-overflow-visible pxl-section-fix-none pxl_parallax_bg_img_noise-none pxl-full-content-with-space-none pxl-bg-color-none pxl-section-overlay-none exad-glass-effect-no exad-sticky-section-no\" data-id=\"8f7b65d\" data-element_type=\"section\" data-e-type=\"section\" data-settings=\"{&quot;stretch_section&quot;:&quot;section-stretched&quot;}\">\n\n                \n                <div class=\"elementor-container elementor-column-gap-extended\">\n                <div class=\"elementor-column elementor-col-100 elementor-top-column elementor-element elementor-element-9e9e4dd pxl-column-none pxl-column-overflow-hidden-no pxl-column-zoom-no exad-glass-effect-no exad-sticky-section-no\" data-id=\"9e9e4dd\" data-element_type=\"column\" data-e-type=\"column\">\r\n        <div class=\"elementor-widget-wrap elementor-element-populated\">\r\n                     \r\n        \t\t<div class=\"elementor-element elementor-element-2d5bb9f pxl-post-layout-portfolio-4 exad-sticky-section-no exad-glass-effect-no elementor-widget elementor-widget-pxl_post_grid\" data-id=\"2d5bb9f\" data-element_type=\"widget\" data-e-type=\"widget\" data-widget_type=\"pxl_post_grid.default\">\n\t\t\t\t<div class=\"elementor-widget-container\">\n\t\t\t\t\t\n<div id=\"pxl_post_grid-2d5bb9f-8873\" class=\"pxl-grid pxl-portfolio-grid pxl-portfolio-grid-layout4 pxl-portfolio-style1 pxl-check-scroll pxl-effect--3d zoom_in\" data-start-page=\"1\" data-max-pages=\"2\" data-total=\"9\" data-perpage=\"6\" data-next-link=\"https:\/\/otbi.be\/nl\/wp-json\/wp\/v2\/pages\/8159\/page\/2\/\" data-layout=\"masonry\">\n    \n    <div class=\"pxl-grid-inner pxl-grid-masonry row\" data-gutter=\"15\">\n        <div class=\"grid-sizer col-xl-6 col-lg-6 col-md-12 col-sm-12 col-12\"><\/div>\n                        <div class=\"pxl-grid-item col-xl-6 col-lg-6 col-md-12 col-sm-12 col-12 architecture building civil-cultural commercial design duplex\">\n\n                    <div class=\"pxl-post--inner\" data-wow-duration=\"1.2s\">\n                        <div class=\"pxl-post--featured\">\n                            <a href=\"https:\/\/otbi.be\/nl\/portfolio\/chantier-pharmaanvers\/\">   \n                                <img fetchpriority=\"high\" decoding=\"async\" class=\"no-lazyload\" src=\"https:\/\/otbi.be\/wp-content\/uploads\/2025\/03\/WhatsApp-Image-2025-03-17-at-23.30.42-1-860x539.jpeg\" width=\"860\" height=\"539\" alt=\"WhatsApp Image 2025-03-17 at 23.30.42 (1)\" title=\"WhatsApp Image 2025-03-17 at 23.30.42 (1)\" \/>                            <\/a>    \n                            <div class=\"pxl-post-content-hide\">\n                                <h5 class=\"pxl-post--title\">\n                                    <a href=\"https:\/\/otbi.be\/nl\/portfolio\/chantier-pharmaanvers\/\">   \n                                        Chantier: Notre client pharma apotheek Anvers                                    <\/a>    \n                                <\/h5>\n                                                                    <div class=\"pxl-post--category\">\n                                        <a href=\"https:\/\/otbi.be\/nl\/portfolio\/architecture\/\" rel=\"tag\">architectuur<\/a>, <a href=\"https:\/\/otbi.be\/nl\/portfolio\/building\/\" rel=\"tag\">gebouw<\/a>, <a href=\"https:\/\/otbi.be\/nl\/portfolio\/civil-cultural\/\" rel=\"tag\">Burgerlijke<\/a>, <a href=\"https:\/\/otbi.be\/nl\/portfolio\/commercial\/\" rel=\"tag\">Commercial<\/a>, <a href=\"https:\/\/otbi.be\/nl\/portfolio\/design\/\" rel=\"tag\">Ontwerp<\/a>, <a href=\"https:\/\/otbi.be\/nl\/portfolio\/duplex\/\" rel=\"tag\">Duplex.<\/a>                                    <\/div>\n                                                                <div class=\"pxl-divider\"><\/div>\n                                                                    <div class=\"pxl-post--content\">\n                                                                                    Le chantier pour notre client, la pharmacie Apotheek \u00e0 Anvers, consiste en la construction d'un tout nouveau b\u00e2timent d\u00e9di\u00e9 \u00e0 l\u2019activit\u00e9 pharmaceutique, pens\u00e9 pour r\u00e9pondre&hellip;                                                                            <\/div>\n                                                                                                    <a class=\"btn--readmore btn btn-default\" href=\"https:\/\/otbi.be\/nl\/portfolio\/chantier-pharmaanvers\/\">\n                                        <span class=\"pxl--btn-text\">\n                                            Read More                                        <\/span>\n                                        <svg xmlns=\"http:\/\/www.w3.org\/2000\/svg\" xmlns:xlink=\"http:\/\/www.w3.org\/1999\/xlink\" width=\"36\" x=\"0\" y=\"0\" viewbox=\"0 0 1560 1560\" style=\"enable-background:new 0 0 512 512\" xml:space=\"preserve\" class=\"\"><g transform=\"matrix(1,0,0,1,4.999999999999545,4.547473508864641e-13)\"><path d=\"M1524 811.8H36c-17.7 0-32-14.3-32-32s14.3-32 32-32h1410.7l-194.2-194.2c-12.5-12.5-12.5-32.8 0-45.3s32.8-12.5 45.3 0l248.9 248.9c9.2 9.2 11.9 22.9 6.9 34.9-5 11.9-16.7 19.7-29.6 19.7z\" fill=\"#fff\" opacity=\"1\" data-original=\"#000000\"><\/path><path d=\"M1274.8 1061c-8.2 0-16.4-3.1-22.6-9.4-12.5-12.5-12.5-32.8 0-45.3l249.2-249.2c12.5-12.5 32.8-12.5 45.3 0s12.5 32.8 0 45.3l-249.2 249.2c-6.3 6.3-14.5 9.4-22.7 9.4z\" fill=\"#fff\" opacity=\"1\" data-original=\"#000000\"><\/path><\/g><\/svg>\n                                    <\/a>\n                                <\/div>\n                                                    <\/div>\n                    <\/div>\n                <\/div>\n                                    <div class=\"pxl-grid-item col-xl-6 col-lg-6 col-md-12 col-sm-12 col-12 apartment architecture building civil-cultural design duplex house residence\">\n\n                    <div class=\"pxl-post--inner\" data-wow-duration=\"1.2s\">\n                        <div class=\"pxl-post--featured\">\n                            <a href=\"https:\/\/otbi.be\/nl\/portfolio\/chantier-wezembeekoppem\/\">   \n                                <img decoding=\"async\" class=\"no-lazyload\" src=\"https:\/\/otbi.be\/wp-content\/uploads\/2025\/03\/WhatsApp-Image-2025-03-17-at-22.05.51-860x539.jpeg\" width=\"860\" height=\"539\" alt=\"WhatsApp Image 2025-03-17 at 22.05.51\" title=\"WhatsApp Image 2025-03-17 at 22.05.51\" \/>                            <\/a>    \n                            <div class=\"pxl-post-content-hide\">\n                                <h5 class=\"pxl-post--title\">\n                                    <a href=\"https:\/\/otbi.be\/nl\/portfolio\/chantier-wezembeekoppem\/\">   \n                                        Chantier Wezembeek-Oppem                                    <\/a>    \n                                <\/h5>\n                                                                    <div class=\"pxl-post--category\">\n                                        <a href=\"https:\/\/otbi.be\/nl\/portfolio\/apartment\/\" rel=\"tag\">Apartment.<\/a>, <a href=\"https:\/\/otbi.be\/nl\/portfolio\/architecture\/\" rel=\"tag\">architectuur<\/a>, <a href=\"https:\/\/otbi.be\/nl\/portfolio\/building\/\" rel=\"tag\">gebouw<\/a>, <a href=\"https:\/\/otbi.be\/nl\/portfolio\/civil-cultural\/\" rel=\"tag\">Burgerlijke<\/a>, <a href=\"https:\/\/otbi.be\/nl\/portfolio\/design\/\" rel=\"tag\">Ontwerp<\/a>, <a href=\"https:\/\/otbi.be\/nl\/portfolio\/duplex\/\" rel=\"tag\">Duplex.<\/a>, <a href=\"https:\/\/otbi.be\/nl\/portfolio\/house\/\" rel=\"tag\">Huis.<\/a>, <a href=\"https:\/\/otbi.be\/nl\/portfolio\/residence\/\" rel=\"tag\">Woonplaats<\/a>                                    <\/div>\n                                                                <div class=\"pxl-divider\"><\/div>\n                                                                    <div class=\"pxl-post--content\">\n                                                                                    Le chantier de Wezembeek-Oppem est un projet de construction d\u2019une maison moderne, visant \u00e0 cr\u00e9er une r\u00e9sidence contemporaine qui allie design innovant.                                                                            <\/div>\n                                                                                                    <a class=\"btn--readmore btn btn-default\" href=\"https:\/\/otbi.be\/nl\/portfolio\/chantier-wezembeekoppem\/\">\n                                        <span class=\"pxl--btn-text\">\n                                            Read More                                        <\/span>\n                                        <svg xmlns=\"http:\/\/www.w3.org\/2000\/svg\" xmlns:xlink=\"http:\/\/www.w3.org\/1999\/xlink\" width=\"36\" x=\"0\" y=\"0\" viewbox=\"0 0 1560 1560\" style=\"enable-background:new 0 0 512 512\" xml:space=\"preserve\" class=\"\"><g transform=\"matrix(1,0,0,1,4.999999999999545,4.547473508864641e-13)\"><path d=\"M1524 811.8H36c-17.7 0-32-14.3-32-32s14.3-32 32-32h1410.7l-194.2-194.2c-12.5-12.5-12.5-32.8 0-45.3s32.8-12.5 45.3 0l248.9 248.9c9.2 9.2 11.9 22.9 6.9 34.9-5 11.9-16.7 19.7-29.6 19.7z\" fill=\"#fff\" opacity=\"1\" data-original=\"#000000\"><\/path><path d=\"M1274.8 1061c-8.2 0-16.4-3.1-22.6-9.4-12.5-12.5-12.5-32.8 0-45.3l249.2-249.2c12.5-12.5 32.8-12.5 45.3 0s12.5 32.8 0 45.3l-249.2 249.2c-6.3 6.3-14.5 9.4-22.7 9.4z\" fill=\"#fff\" opacity=\"1\" data-original=\"#000000\"><\/path><\/g><\/svg>\n                                    <\/a>\n                                <\/div>\n                                                    <\/div>\n                    <\/div>\n                <\/div>\n                                    <div class=\"pxl-grid-item col-xl-6 col-lg-6 col-md-12 col-sm-12 col-12 apartment architecture building civil-cultural commercial design duplex house residence\">\n\n                    <div class=\"pxl-post--inner\" data-wow-duration=\"1.2s\">\n                        <div class=\"pxl-post--featured\">\n                            <a href=\"https:\/\/otbi.be\/nl\/portfolio\/chantier-brainelechateau\/\">   \n                                <img decoding=\"async\" class=\"no-lazyload\" src=\"https:\/\/otbi.be\/wp-content\/uploads\/2025\/03\/WhatsApp-Image-2025-03-17-at-21.41.03-1-860x539.jpeg\" width=\"860\" height=\"539\" alt=\"WhatsApp Image 2025-03-17 at 21.41.03 (1)\" title=\"WhatsApp Image 2025-03-17 at 21.41.03 (1)\" \/>                            <\/a>    \n                            <div class=\"pxl-post-content-hide\">\n                                <h5 class=\"pxl-post--title\">\n                                    <a href=\"https:\/\/otbi.be\/nl\/portfolio\/chantier-brainelechateau\/\">   \n                                        Chantier Braine-le-Ch\u00e2teau                                    <\/a>    \n                                <\/h5>\n                                                                    <div class=\"pxl-post--category\">\n                                        <a href=\"https:\/\/otbi.be\/nl\/portfolio\/apartment\/\" rel=\"tag\">Apartment.<\/a>, <a href=\"https:\/\/otbi.be\/nl\/portfolio\/architecture\/\" rel=\"tag\">architectuur<\/a>, <a href=\"https:\/\/otbi.be\/nl\/portfolio\/building\/\" rel=\"tag\">gebouw<\/a>, <a href=\"https:\/\/otbi.be\/nl\/portfolio\/civil-cultural\/\" rel=\"tag\">Burgerlijke<\/a>, <a href=\"https:\/\/otbi.be\/nl\/portfolio\/commercial\/\" rel=\"tag\">Commercial<\/a>, <a href=\"https:\/\/otbi.be\/nl\/portfolio\/design\/\" rel=\"tag\">Ontwerp<\/a>, <a href=\"https:\/\/otbi.be\/nl\/portfolio\/duplex\/\" rel=\"tag\">Duplex.<\/a>, <a href=\"https:\/\/otbi.be\/nl\/portfolio\/house\/\" rel=\"tag\">Huis.<\/a>, <a href=\"https:\/\/otbi.be\/nl\/portfolio\/residence\/\" rel=\"tag\">Woonplaats<\/a>                                    <\/div>\n                                                                <div class=\"pxl-divider\"><\/div>\n                                                                    <div class=\"pxl-post--content\">\n                                                                                    Chantier Braine-le-Ch\u00e2teau                                                                            <\/div>\n                                                                                                    <a class=\"btn--readmore btn btn-default\" href=\"https:\/\/otbi.be\/nl\/portfolio\/chantier-brainelechateau\/\">\n                                        <span class=\"pxl--btn-text\">\n                                            Read More                                        <\/span>\n                                        <svg xmlns=\"http:\/\/www.w3.org\/2000\/svg\" xmlns:xlink=\"http:\/\/www.w3.org\/1999\/xlink\" width=\"36\" x=\"0\" y=\"0\" viewbox=\"0 0 1560 1560\" style=\"enable-background:new 0 0 512 512\" xml:space=\"preserve\" class=\"\"><g transform=\"matrix(1,0,0,1,4.999999999999545,4.547473508864641e-13)\"><path d=\"M1524 811.8H36c-17.7 0-32-14.3-32-32s14.3-32 32-32h1410.7l-194.2-194.2c-12.5-12.5-12.5-32.8 0-45.3s32.8-12.5 45.3 0l248.9 248.9c9.2 9.2 11.9 22.9 6.9 34.9-5 11.9-16.7 19.7-29.6 19.7z\" fill=\"#fff\" opacity=\"1\" data-original=\"#000000\"><\/path><path d=\"M1274.8 1061c-8.2 0-16.4-3.1-22.6-9.4-12.5-12.5-12.5-32.8 0-45.3l249.2-249.2c12.5-12.5 32.8-12.5 45.3 0s12.5 32.8 0 45.3l-249.2 249.2c-6.3 6.3-14.5 9.4-22.7 9.4z\" fill=\"#fff\" opacity=\"1\" data-original=\"#000000\"><\/path><\/g><\/svg>\n                                    <\/a>\n                                <\/div>\n                                                    <\/div>\n                    <\/div>\n                <\/div>\n                                    <div class=\"pxl-grid-item col-xl-6 col-lg-6 col-md-12 col-sm-12 col-12 apartment architecture building civil-cultural design duplex house residence\">\n\n                    <div class=\"pxl-post--inner\" data-wow-duration=\"1.2s\">\n                        <div class=\"pxl-post--featured\">\n                            <a href=\"https:\/\/otbi.be\/nl\/portfolio\/chantier-evere-bru\/\">   \n                                <img loading=\"lazy\" decoding=\"async\" class=\"no-lazyload\" src=\"https:\/\/otbi.be\/wp-content\/uploads\/2025\/03\/WhatsApp-Image-2025-03-17-at-21.13.12-860x539.jpeg\" width=\"860\" height=\"539\" alt=\"WhatsApp Image 2025-03-17 at 21.13.12\" title=\"WhatsApp Image 2025-03-17 at 21.13.12\" \/>                            <\/a>    \n                            <div class=\"pxl-post-content-hide\">\n                                <h5 class=\"pxl-post--title\">\n                                    <a href=\"https:\/\/otbi.be\/nl\/portfolio\/chantier-evere-bru\/\">   \n                                        Chantier Bruxelles Evere                                    <\/a>    \n                                <\/h5>\n                                                                    <div class=\"pxl-post--category\">\n                                        <a href=\"https:\/\/otbi.be\/nl\/portfolio\/apartment\/\" rel=\"tag\">Apartment.<\/a>, <a href=\"https:\/\/otbi.be\/nl\/portfolio\/architecture\/\" rel=\"tag\">architectuur<\/a>, <a href=\"https:\/\/otbi.be\/nl\/portfolio\/building\/\" rel=\"tag\">gebouw<\/a>, <a href=\"https:\/\/otbi.be\/nl\/portfolio\/civil-cultural\/\" rel=\"tag\">Burgerlijke<\/a>, <a href=\"https:\/\/otbi.be\/nl\/portfolio\/design\/\" rel=\"tag\">Ontwerp<\/a>, <a href=\"https:\/\/otbi.be\/nl\/portfolio\/duplex\/\" rel=\"tag\">Duplex.<\/a>, <a href=\"https:\/\/otbi.be\/nl\/portfolio\/house\/\" rel=\"tag\">Huis.<\/a>, <a href=\"https:\/\/otbi.be\/nl\/portfolio\/residence\/\" rel=\"tag\">Woonplaats<\/a>                                    <\/div>\n                                                                <div class=\"pxl-divider\"><\/div>\n                                                                    <div class=\"pxl-post--content\">\n                                                                                    Chantier Bruxelles Evere                                                                            <\/div>\n                                                                                                    <a class=\"btn--readmore btn btn-default\" href=\"https:\/\/otbi.be\/nl\/portfolio\/chantier-evere-bru\/\">\n                                        <span class=\"pxl--btn-text\">\n                                            Read More                                        <\/span>\n                                        <svg xmlns=\"http:\/\/www.w3.org\/2000\/svg\" xmlns:xlink=\"http:\/\/www.w3.org\/1999\/xlink\" width=\"36\" x=\"0\" y=\"0\" viewbox=\"0 0 1560 1560\" style=\"enable-background:new 0 0 512 512\" xml:space=\"preserve\" class=\"\"><g transform=\"matrix(1,0,0,1,4.999999999999545,4.547473508864641e-13)\"><path d=\"M1524 811.8H36c-17.7 0-32-14.3-32-32s14.3-32 32-32h1410.7l-194.2-194.2c-12.5-12.5-12.5-32.8 0-45.3s32.8-12.5 45.3 0l248.9 248.9c9.2 9.2 11.9 22.9 6.9 34.9-5 11.9-16.7 19.7-29.6 19.7z\" fill=\"#fff\" opacity=\"1\" data-original=\"#000000\"><\/path><path d=\"M1274.8 1061c-8.2 0-16.4-3.1-22.6-9.4-12.5-12.5-12.5-32.8 0-45.3l249.2-249.2c12.5-12.5 32.8-12.5 45.3 0s12.5 32.8 0 45.3l-249.2 249.2c-6.3 6.3-14.5 9.4-22.7 9.4z\" fill=\"#fff\" opacity=\"1\" data-original=\"#000000\"><\/path><\/g><\/svg>\n                                    <\/a>\n                                <\/div>\n                                                    <\/div>\n                    <\/div>\n                <\/div>\n                                    <div class=\"pxl-grid-item col-xl-6 col-lg-6 col-md-12 col-sm-12 col-12 architecture building design residence\">\n\n                    <div class=\"pxl-post--inner\" data-wow-duration=\"1.2s\">\n                        <div class=\"pxl-post--featured\">\n                            <a href=\"https:\/\/otbi.be\/nl\/portfolio\/base-militaire\/\">   \n                                <img loading=\"lazy\" decoding=\"async\" class=\"no-lazyload\" src=\"https:\/\/otbi.be\/wp-content\/uploads\/2025\/03\/WhatsApp-Image-2025-03-17-at-20.19.06-2-860x539.jpeg\" width=\"860\" height=\"539\" alt=\"WhatsApp Image 2025-03-17 at 20.19.06\" title=\"WhatsApp Image 2025-03-17 at 20.19.06\" \/>                            <\/a>    \n                            <div class=\"pxl-post-content-hide\">\n                                <h5 class=\"pxl-post--title\">\n                                    <a href=\"https:\/\/otbi.be\/nl\/portfolio\/base-militaire\/\">   \n                                        Chantier pour notre client pour base militaire                                    <\/a>    \n                                <\/h5>\n                                                                    <div class=\"pxl-post--category\">\n                                        <a href=\"https:\/\/otbi.be\/nl\/portfolio\/architecture\/\" rel=\"tag\">architectuur<\/a>, <a href=\"https:\/\/otbi.be\/nl\/portfolio\/building\/\" rel=\"tag\">gebouw<\/a>, <a href=\"https:\/\/otbi.be\/nl\/portfolio\/design\/\" rel=\"tag\">Ontwerp<\/a>, <a href=\"https:\/\/otbi.be\/nl\/portfolio\/residence\/\" rel=\"tag\">Woonplaats<\/a>                                    <\/div>\n                                                                <div class=\"pxl-divider\"><\/div>\n                                                                    <div class=\"pxl-post--content\">\n                                                                                    Chantier pour notre client pour base militaire                                                                            <\/div>\n                                                                                                    <a class=\"btn--readmore btn btn-default\" href=\"https:\/\/otbi.be\/nl\/portfolio\/base-militaire\/\">\n                                        <span class=\"pxl--btn-text\">\n                                            Read More                                        <\/span>\n                                        <svg xmlns=\"http:\/\/www.w3.org\/2000\/svg\" xmlns:xlink=\"http:\/\/www.w3.org\/1999\/xlink\" width=\"36\" x=\"0\" y=\"0\" viewbox=\"0 0 1560 1560\" style=\"enable-background:new 0 0 512 512\" xml:space=\"preserve\" class=\"\"><g transform=\"matrix(1,0,0,1,4.999999999999545,4.547473508864641e-13)\"><path d=\"M1524 811.8H36c-17.7 0-32-14.3-32-32s14.3-32 32-32h1410.7l-194.2-194.2c-12.5-12.5-12.5-32.8 0-45.3s32.8-12.5 45.3 0l248.9 248.9c9.2 9.2 11.9 22.9 6.9 34.9-5 11.9-16.7 19.7-29.6 19.7z\" fill=\"#fff\" opacity=\"1\" data-original=\"#000000\"><\/path><path d=\"M1274.8 1061c-8.2 0-16.4-3.1-22.6-9.4-12.5-12.5-12.5-32.8 0-45.3l249.2-249.2c12.5-12.5 32.8-12.5 45.3 0s12.5 32.8 0 45.3l-249.2 249.2c-6.3 6.3-14.5 9.4-22.7 9.4z\" fill=\"#fff\" opacity=\"1\" data-original=\"#000000\"><\/path><\/g><\/svg>\n                                    <\/a>\n                                <\/div>\n                                                    <\/div>\n                    <\/div>\n                <\/div>\n                                    <div class=\"pxl-grid-item col-xl-6 col-lg-6 col-md-12 col-sm-12 col-12 apartment architecture building civil-cultural design house residence\">\n\n                    <div class=\"pxl-post--inner\" data-wow-duration=\"1.2s\">\n                        <div class=\"pxl-post--featured\">\n                            <a href=\"https:\/\/otbi.be\/nl\/portfolio\/apart-jette\/\">   \n                                <img loading=\"lazy\" decoding=\"async\" class=\"no-lazyload\" src=\"https:\/\/otbi.be\/wp-content\/uploads\/2025\/03\/WhatsApp-Image-2025-03-16-at-22.07.25-2-860x539.jpeg\" width=\"860\" height=\"539\" alt=\"WhatsApp Image 2025-03-16 at 22.07.25 (2)\" title=\"WhatsApp Image 2025-03-16 at 22.07.25 (2)\" \/>                            <\/a>    \n                            <div class=\"pxl-post-content-hide\">\n                                <h5 class=\"pxl-post--title\">\n                                    <a href=\"https:\/\/otbi.be\/nl\/portfolio\/apart-jette\/\">   \n                                        Un immeuble avec des appartements pour nos clients \u00e0 Bruxelles,Jette                                    <\/a>    \n                                <\/h5>\n                                                                    <div class=\"pxl-post--category\">\n                                        <a href=\"https:\/\/otbi.be\/nl\/portfolio\/apartment\/\" rel=\"tag\">Apartment.<\/a>, <a href=\"https:\/\/otbi.be\/nl\/portfolio\/architecture\/\" rel=\"tag\">architectuur<\/a>, <a href=\"https:\/\/otbi.be\/nl\/portfolio\/building\/\" rel=\"tag\">gebouw<\/a>, <a href=\"https:\/\/otbi.be\/nl\/portfolio\/civil-cultural\/\" rel=\"tag\">Burgerlijke<\/a>, <a href=\"https:\/\/otbi.be\/nl\/portfolio\/design\/\" rel=\"tag\">Ontwerp<\/a>, <a href=\"https:\/\/otbi.be\/nl\/portfolio\/house\/\" rel=\"tag\">Huis.<\/a>, <a href=\"https:\/\/otbi.be\/nl\/portfolio\/residence\/\" rel=\"tag\">Woonplaats<\/a>                                    <\/div>\n                                                                <div class=\"pxl-divider\"><\/div>\n                                                                    <div class=\"pxl-post--content\">\n                                                                                    Nous sommes fiers de vous pr\u00e9senter l\u2019une de nos r\u00e9alisations r\u00e9centes : un immeuble moderne comprenant plusieurs appartements, con\u00e7u et construit pour nos clients \u00e0&hellip;                                                                            <\/div>\n                                                                                                    <a class=\"btn--readmore btn btn-default\" href=\"https:\/\/otbi.be\/nl\/portfolio\/apart-jette\/\">\n                                        <span class=\"pxl--btn-text\">\n                                            Read More                                        <\/span>\n                                        <svg xmlns=\"http:\/\/www.w3.org\/2000\/svg\" xmlns:xlink=\"http:\/\/www.w3.org\/1999\/xlink\" width=\"36\" x=\"0\" y=\"0\" viewbox=\"0 0 1560 1560\" style=\"enable-background:new 0 0 512 512\" xml:space=\"preserve\" class=\"\"><g transform=\"matrix(1,0,0,1,4.999999999999545,4.547473508864641e-13)\"><path d=\"M1524 811.8H36c-17.7 0-32-14.3-32-32s14.3-32 32-32h1410.7l-194.2-194.2c-12.5-12.5-12.5-32.8 0-45.3s32.8-12.5 45.3 0l248.9 248.9c9.2 9.2 11.9 22.9 6.9 34.9-5 11.9-16.7 19.7-29.6 19.7z\" fill=\"#fff\" opacity=\"1\" data-original=\"#000000\"><\/path><path d=\"M1274.8 1061c-8.2 0-16.4-3.1-22.6-9.4-12.5-12.5-12.5-32.8 0-45.3l249.2-249.2c12.5-12.5 32.8-12.5 45.3 0s12.5 32.8 0 45.3l-249.2 249.2c-6.3 6.3-14.5 9.4-22.7 9.4z\" fill=\"#fff\" opacity=\"1\" data-original=\"#000000\"><\/path><\/g><\/svg>\n                                    <\/a>\n                                <\/div>\n                                                    <\/div>\n                    <\/div>\n                <\/div>\n                        <\/div>\n        <\/div>\t\t\t\t<\/div>\n\t\t\t\t<\/div>\n\t\t            <\/div>\r\n        <\/div>\r\n        \t\t\t<\/div>\n\t\t<\/section>\n\t\t\t\t<\/div>","protected":false},"excerpt":{"rendered":"<p>Designer Apartment House. Take advantage of the experiential-learning opportunities built into many programs. You can work in labs on and off campus or even spend semesters overseas. One&hellip; Read More High-end Apartment Duplex. Take advantage of the experiential-learning opportunities built into many programs. You can work in labs on and off campus or even spend [&hellip;]<\/p>\n","protected":false},"author":1,"featured_media":0,"parent":0,"menu_order":0,"comment_status":"closed","ping_status":"closed","template":"","meta":{"_coblocks_attr":"","_coblocks_dimensions":"","_coblocks_responsive_height":"","_coblocks_accordion_ie_support":"","footnotes":""},"class_list":["post-8159","page","type-page","status-publish","hentry"],"_links":{"self":[{"href":"https:\/\/otbi.be\/nl\/wp-json\/wp\/v2\/pages\/8159","targetHints":{"allow":["GET"]}}],"collection":[{"href":"https:\/\/otbi.be\/nl\/wp-json\/wp\/v2\/pages"}],"about":[{"href":"https:\/\/otbi.be\/nl\/wp-json\/wp\/v2\/types\/page"}],"author":[{"embeddable":true,"href":"https:\/\/otbi.be\/nl\/wp-json\/wp\/v2\/users\/1"}],"replies":[{"embeddable":true,"href":"https:\/\/otbi.be\/nl\/wp-json\/wp\/v2\/comments?post=8159"}],"version-history":[{"count":0,"href":"https:\/\/otbi.be\/nl\/wp-json\/wp\/v2\/pages\/8159\/revisions"}],"wp:attachment":[{"href":"https:\/\/otbi.be\/nl\/wp-json\/wp\/v2\/media?parent=8159"}],"curies":[{"name":"wp","href":"https:\/\/api.w.org\/{rel}","templated":true}]}}