{"id":8470,"date":"2024-10-16T01:54:35","date_gmt":"2024-10-16T01:54:35","guid":{"rendered":"https:\/\/demo.casethemes.net\/maiko\/?page_id=8470"},"modified":"2024-10-16T01:54:35","modified_gmt":"2024-10-16T01:54:35","slug":"interactive-showcase","status":"publish","type":"page","link":"https:\/\/otbi.be\/fr\/interactive-showcase\/","title":{"rendered":"Interactive Showcase"},"content":{"rendered":"<div data-elementor-type=\"wp-page\" data-elementor-id=\"8470\" class=\"elementor elementor-8470\" data-elementor-post-type=\"page\">\n\t\t\t\t        <section class=\"elementor-section elementor-top-section elementor-element elementor-element-8f7b65d elementor-section-stretched elementor-section-full_width elementor-section-height-default elementor-section-height-default pxl-row-scroll-none pxl-zoom-point-false pxl-section-overflow-visible pxl-section-fix-none pxl_parallax_bg_img_noise-none pxl-full-content-with-space-none pxl-bg-color-none pxl-section-overlay-none exad-glass-effect-no exad-sticky-section-no\" data-id=\"8f7b65d\" data-element_type=\"section\" data-e-type=\"section\" data-settings=\"{&quot;stretch_section&quot;:&quot;section-stretched&quot;}\">\n\n                \n                <div class=\"elementor-container elementor-column-gap-extended\">\n                <div class=\"elementor-column elementor-col-100 elementor-top-column elementor-element elementor-element-9e9e4dd pxl-column-none pxl-column-overflow-hidden-no pxl-column-zoom-no exad-glass-effect-no exad-sticky-section-no\" data-id=\"9e9e4dd\" data-element_type=\"column\" data-e-type=\"column\">\r\n        <div class=\"elementor-widget-wrap elementor-element-populated\">\r\n                     \r\n        \t\t<div class=\"elementor-element elementor-element-2d5bb9f pxl-post-layout-portfolio-6 exad-sticky-section-no exad-glass-effect-no elementor-widget elementor-widget-pxl_post_grid\" data-id=\"2d5bb9f\" data-element_type=\"widget\" data-e-type=\"widget\" data-widget_type=\"pxl_post_grid.default\">\n\t\t\t\t<div class=\"elementor-widget-container\">\n\t\t\t\t\t\n<div id=\"pxl_post_grid-2d5bb9f-5623\" class=\"pxl-grid pxl-portfolio-grid pxl-portfolio-grid-layout6 pxl-portfolio-style6\" data-start-page=\"1\" data-max-pages=\"2\" data-total=\"9\" data-perpage=\"7\" data-next-link=\"https:\/\/otbi.be\/fr\/wp-json\/wp\/v2\/pages\/8470\/page\/2\/\" data-layout=\"masonry\">\n    <div class=\"pxl-post-container-hover\">\n        <div class=\"pxl-imgs-hover\">\n                                                                            <div class=\"img-item pxl-absoluted overflow-hidden item-img-0\">\n                    <div class=\"img-inner overflow-hidden pxl-absoluted\">\n                        <img fetchpriority=\"high\" decoding=\"async\" class=\"no-lazyload img-hv-ac img-cover-center w-100 h-100\" src=\"https:\/\/otbi.be\/wp-content\/uploads\/2025\/03\/WhatsApp-Image-2025-03-17-at-23.30.42-1-785x850.jpeg\" width=\"785\" height=\"850\" alt=\"WhatsApp Image 2025-03-17 at 23.30.42 (1)\" title=\"WhatsApp Image 2025-03-17 at 23.30.42 (1)\" \/>                    <\/div>\n                <\/div>\n                                                                                    <div class=\"img-item pxl-absoluted overflow-hidden item-img-1\">\n                    <div class=\"img-inner overflow-hidden pxl-absoluted\">\n                        <img decoding=\"async\" class=\"no-lazyload img-hv-ac img-cover-center w-100 h-100\" src=\"https:\/\/otbi.be\/wp-content\/uploads\/2025\/03\/WhatsApp-Image-2025-03-17-at-22.05.51-785x850.jpeg\" width=\"785\" height=\"850\" alt=\"WhatsApp Image 2025-03-17 at 22.05.51\" title=\"WhatsApp Image 2025-03-17 at 22.05.51\" \/>                    <\/div>\n                <\/div>\n                                                                                    <div class=\"img-item pxl-absoluted overflow-hidden item-img-2\">\n                    <div class=\"img-inner overflow-hidden pxl-absoluted\">\n                        <img decoding=\"async\" class=\"no-lazyload img-hv-ac img-cover-center w-100 h-100\" src=\"https:\/\/otbi.be\/wp-content\/uploads\/2025\/03\/WhatsApp-Image-2025-03-17-at-21.41.03-1-785x850.jpeg\" width=\"785\" height=\"850\" alt=\"WhatsApp Image 2025-03-17 at 21.41.03 (1)\" title=\"WhatsApp Image 2025-03-17 at 21.41.03 (1)\" \/>                    <\/div>\n                <\/div>\n                                                                                    <div class=\"img-item pxl-absoluted overflow-hidden item-img-3\">\n                    <div class=\"img-inner overflow-hidden pxl-absoluted\">\n                        <img loading=\"lazy\" decoding=\"async\" class=\"no-lazyload img-hv-ac img-cover-center w-100 h-100\" src=\"https:\/\/otbi.be\/wp-content\/uploads\/2025\/03\/WhatsApp-Image-2025-03-17-at-21.13.12-785x850.jpeg\" width=\"785\" height=\"850\" alt=\"WhatsApp Image 2025-03-17 at 21.13.12\" title=\"WhatsApp Image 2025-03-17 at 21.13.12\" \/>                    <\/div>\n                <\/div>\n                                                                                    <div class=\"img-item pxl-absoluted overflow-hidden item-img-4\">\n                    <div class=\"img-inner overflow-hidden pxl-absoluted\">\n                        <img loading=\"lazy\" decoding=\"async\" class=\"no-lazyload img-hv-ac img-cover-center w-100 h-100\" src=\"https:\/\/otbi.be\/wp-content\/uploads\/2025\/03\/WhatsApp-Image-2025-03-17-at-20.19.06-2-785x850.jpeg\" width=\"785\" height=\"850\" alt=\"WhatsApp Image 2025-03-17 at 20.19.06\" title=\"WhatsApp Image 2025-03-17 at 20.19.06\" \/>                    <\/div>\n                <\/div>\n                                                                                    <div class=\"img-item pxl-absoluted overflow-hidden item-img-5\">\n                    <div class=\"img-inner overflow-hidden pxl-absoluted\">\n                        <img loading=\"lazy\" decoding=\"async\" class=\"no-lazyload img-hv-ac img-cover-center w-100 h-100\" src=\"https:\/\/otbi.be\/wp-content\/uploads\/2025\/03\/WhatsApp-Image-2025-03-16-at-22.07.25-2-785x850.jpeg\" width=\"785\" height=\"850\" alt=\"WhatsApp Image 2025-03-16 at 22.07.25 (2)\" title=\"WhatsApp Image 2025-03-16 at 22.07.25 (2)\" \/>                    <\/div>\n                <\/div>\n                                                                                    <div class=\"img-item pxl-absoluted overflow-hidden item-img-6\">\n                    <div class=\"img-inner overflow-hidden pxl-absoluted\">\n                        <img loading=\"lazy\" decoding=\"async\" class=\"no-lazyload img-hv-ac img-cover-center w-100 h-100\" src=\"https:\/\/otbi.be\/wp-content\/uploads\/2025\/03\/WhatsApp-Image-2025-03-16-at-21.55.19-1-785x850.jpeg\" width=\"785\" height=\"850\" alt=\"WhatsApp Image 2025-03-16 at 21.55.19 (1)\" title=\"WhatsApp Image 2025-03-16 at 21.55.19 (1)\" \/>                    <\/div>\n                <\/div>\n                        <\/div>\n    <div class=\"pxl-grid-inner pxl-grid-masonry row\" data-gutter=\"15\">\n                    <div class=\"pxl-grid-filter fade-in-up\">\n                <div class=\"pxl--filter-inner\">\n                    <span class=\"filter-item active\" data-filter=\"*\">\n                        <span class=\"cat-name\">\n                            Tous Les Projets                        <\/span> \n                                            <\/span>\n                                                <span class=\"filter-item\" data-filter=\".architecture\">\n                                <span class=\"cat-name\">l&#039;architecture<\/span>\n                                                            <\/span>\n                                                                        <span class=\"filter-item\" data-filter=\".building\">\n                                <span class=\"cat-name\">b\u00e2timent<\/span>\n                                                            <\/span>\n                                                                        <span class=\"filter-item\" data-filter=\".civil-cultural\">\n                                <span class=\"cat-name\">Civile<\/span>\n                                                            <\/span>\n                                                                                            <span class=\"filter-item\" data-filter=\".residence\">\n                                <span class=\"cat-name\">R\u00e9sidence<\/span>\n                                                            <\/span>\n                                                            <\/div>\n            <\/div>\n                <div class=\"pxl-post--top fade-in-up\">\n            <div class=\"pxl-post--project\">\n                Project            <\/div>\n                            <div class=\"pxl-post--area\">\n                    Area                <\/div>\n                                        <div class=\"pxl-post--year\">\n                    Year                <\/div>\n                    <\/div>\n        <div class=\"grid-sizer\"><\/div>\n                    <div class=\"pxl-grid-item architecture building civil-cultural commercial design duplex fade-in-up\" data-target=\".item-img-0\">\n                <div class=\"pxl-post--inner\" data-wow-duration=\"1.2s\">\n                    <div class=\"pxl-post--holder\">\n                        <div class=\"pxl-post--project\">\n                            <h5 class=\"pxl-post--title\">\n                                <a href=\"https:\/\/otbi.be\/fr\/portfolio\/chantier-pharmaanvers\/\"><svg xmlns=\"http:\/\/www.w3.org\/2000\/svg\" id=\"Layer_1\" enable-background=\"new 0 0 20 20\" height=\"15\" viewbox=\"0 0 20 20\" width=\"13\"><path d=\"m12 2-1.4 1.4 5.6 5.6h-16.2v2h16.2l-5.6 5.6 1.4 1.4 8-8z\" fill=\"rgb(0,0,0)\"\/><\/svg>Chantier: Notre client pharma apotheek Anvers<\/a>\n                            <\/h5>\n                        <\/div>\n                                                    <div class=\"pxl-post--area\">\n                                Anvers,Belgium                            <\/div>\n                                                                            <div class=\"pxl-post--year\">\n                                2024                            <\/div>\n                                            <\/div>\n                <\/div>\n            <\/div>\n                    <div class=\"pxl-grid-item apartment architecture building civil-cultural design duplex house residence fade-in-up\" data-target=\".item-img-1\">\n                <div class=\"pxl-post--inner\" data-wow-duration=\"1.2s\">\n                    <div class=\"pxl-post--holder\">\n                        <div class=\"pxl-post--project\">\n                            <h5 class=\"pxl-post--title\">\n                                <a href=\"https:\/\/otbi.be\/fr\/portfolio\/chantier-wezembeekoppem\/\"><svg xmlns=\"http:\/\/www.w3.org\/2000\/svg\" id=\"Layer_1\" enable-background=\"new 0 0 20 20\" height=\"15\" viewbox=\"0 0 20 20\" width=\"13\"><path d=\"m12 2-1.4 1.4 5.6 5.6h-16.2v2h16.2l-5.6 5.6 1.4 1.4 8-8z\" fill=\"rgb(0,0,0)\"\/><\/svg>Chantier Wezembeek-Oppem<\/a>\n                            <\/h5>\n                        <\/div>\n                                                    <div class=\"pxl-post--area\">\n                                Wezembeek-Oppem,Belgium                            <\/div>\n                                                                            <div class=\"pxl-post--year\">\n                                2024                            <\/div>\n                                            <\/div>\n                <\/div>\n            <\/div>\n                    <div class=\"pxl-grid-item apartment architecture building civil-cultural commercial design duplex house residence fade-in-up\" data-target=\".item-img-2\">\n                <div class=\"pxl-post--inner\" data-wow-duration=\"1.2s\">\n                    <div class=\"pxl-post--holder\">\n                        <div class=\"pxl-post--project\">\n                            <h5 class=\"pxl-post--title\">\n                                <a href=\"https:\/\/otbi.be\/fr\/portfolio\/chantier-brainelechateau\/\"><svg xmlns=\"http:\/\/www.w3.org\/2000\/svg\" id=\"Layer_1\" enable-background=\"new 0 0 20 20\" height=\"15\" viewbox=\"0 0 20 20\" width=\"13\"><path d=\"m12 2-1.4 1.4 5.6 5.6h-16.2v2h16.2l-5.6 5.6 1.4 1.4 8-8z\" fill=\"rgb(0,0,0)\"\/><\/svg>Chantier Braine-le-Ch\u00e2teau<\/a>\n                            <\/h5>\n                        <\/div>\n                                                    <div class=\"pxl-post--area\">\n                                Belgium                            <\/div>\n                                                                            <div class=\"pxl-post--year\">\n                                2023                            <\/div>\n                                            <\/div>\n                <\/div>\n            <\/div>\n                    <div class=\"pxl-grid-item apartment architecture building civil-cultural design duplex house residence fade-in-up\" data-target=\".item-img-3\">\n                <div class=\"pxl-post--inner\" data-wow-duration=\"1.2s\">\n                    <div class=\"pxl-post--holder\">\n                        <div class=\"pxl-post--project\">\n                            <h5 class=\"pxl-post--title\">\n                                <a href=\"https:\/\/otbi.be\/fr\/portfolio\/chantier-evere-bru\/\"><svg xmlns=\"http:\/\/www.w3.org\/2000\/svg\" id=\"Layer_1\" enable-background=\"new 0 0 20 20\" height=\"15\" viewbox=\"0 0 20 20\" width=\"13\"><path d=\"m12 2-1.4 1.4 5.6 5.6h-16.2v2h16.2l-5.6 5.6 1.4 1.4 8-8z\" fill=\"rgb(0,0,0)\"\/><\/svg>Chantier Bruxelles Evere<\/a>\n                            <\/h5>\n                        <\/div>\n                                                    <div class=\"pxl-post--area\">\n                                Bruxelles,Belgique                            <\/div>\n                                                                            <div class=\"pxl-post--year\">\n                                2023                            <\/div>\n                                            <\/div>\n                <\/div>\n            <\/div>\n                    <div class=\"pxl-grid-item architecture building design residence fade-in-up\" data-target=\".item-img-4\">\n                <div class=\"pxl-post--inner\" data-wow-duration=\"1.2s\">\n                    <div class=\"pxl-post--holder\">\n                        <div class=\"pxl-post--project\">\n                            <h5 class=\"pxl-post--title\">\n                                <a href=\"https:\/\/otbi.be\/fr\/portfolio\/base-militaire\/\"><svg xmlns=\"http:\/\/www.w3.org\/2000\/svg\" id=\"Layer_1\" enable-background=\"new 0 0 20 20\" height=\"15\" viewbox=\"0 0 20 20\" width=\"13\"><path d=\"m12 2-1.4 1.4 5.6 5.6h-16.2v2h16.2l-5.6 5.6 1.4 1.4 8-8z\" fill=\"rgb(0,0,0)\"\/><\/svg>Chantier pour notre client pour base militaire<\/a>\n                            <\/h5>\n                        <\/div>\n                                                    <div class=\"pxl-post--area\">\n                                Belgium                            <\/div>\n                                                                            <div class=\"pxl-post--year\">\n                                2023                            <\/div>\n                                            <\/div>\n                <\/div>\n            <\/div>\n                    <div class=\"pxl-grid-item apartment architecture building civil-cultural design house residence fade-in-up\" data-target=\".item-img-5\">\n                <div class=\"pxl-post--inner\" data-wow-duration=\"1.2s\">\n                    <div class=\"pxl-post--holder\">\n                        <div class=\"pxl-post--project\">\n                            <h5 class=\"pxl-post--title\">\n                                <a href=\"https:\/\/otbi.be\/fr\/portfolio\/apart-jette\/\"><svg xmlns=\"http:\/\/www.w3.org\/2000\/svg\" id=\"Layer_1\" enable-background=\"new 0 0 20 20\" height=\"15\" viewbox=\"0 0 20 20\" width=\"13\"><path d=\"m12 2-1.4 1.4 5.6 5.6h-16.2v2h16.2l-5.6 5.6 1.4 1.4 8-8z\" fill=\"rgb(0,0,0)\"\/><\/svg>Un immeuble avec des appartements pour nos clients \u00e0 Bruxelles,Jette<\/a>\n                            <\/h5>\n                        <\/div>\n                                                    <div class=\"pxl-post--area\">\n                                Bruxelles,Belgique                            <\/div>\n                                                                            <div class=\"pxl-post--year\">\n                                2022                            <\/div>\n                                            <\/div>\n                <\/div>\n            <\/div>\n                    <div class=\"pxl-grid-item architecture civil-cultural design house residence fade-in-up\" data-target=\".item-img-6\">\n                <div class=\"pxl-post--inner\" data-wow-duration=\"1.2s\">\n                    <div class=\"pxl-post--holder\">\n                        <div class=\"pxl-post--project\">\n                            <h5 class=\"pxl-post--title\">\n                                <a href=\"https:\/\/otbi.be\/fr\/portfolio\/maison1-charleroi\/\"><svg xmlns=\"http:\/\/www.w3.org\/2000\/svg\" id=\"Layer_1\" enable-background=\"new 0 0 20 20\" height=\"15\" viewbox=\"0 0 20 20\" width=\"13\"><path d=\"m12 2-1.4 1.4 5.6 5.6h-16.2v2h16.2l-5.6 5.6 1.4 1.4 8-8z\" fill=\"rgb(0,0,0)\"\/><\/svg>Une belle maison r\u00e9alis\u00e9e avec succ\u00e8s pour notre client \u00e0 Charleroi.<\/a>\n                            <\/h5>\n                        <\/div>\n                                                    <div class=\"pxl-post--area\">\n                                Charleroi,Belgium                            <\/div>\n                                                                            <div class=\"pxl-post--year\">\n                                2023                            <\/div>\n                                            <\/div>\n                <\/div>\n            <\/div>\n                <\/div>\n<\/div>\n<\/div>\t\t\t\t<\/div>\n\t\t\t\t<\/div>\n\t\t            <\/div>\r\n        <\/div>\r\n        \t\t\t<\/div>\n\t\t<\/section>\n\t\t\t\t<\/div>","protected":false},"excerpt":{"rendered":"<p>All Projects architecture building Civil interior Residence Project Area Year Stylish Family Appartment Little Rock, Arkansas 2015 Art Family Residence Ronkonkoma, New York 2019 Luxury Bathroom Interior Duluth, Georgia 2015 Minimalistic Style Appartment Metairie, Louisiana 2019 Luxury Bathroom Interior Dubai, UAE 2019 Loft Kitchen Interior Dubai, UAE 2015 White Italian Villa Metairie, Louisiana 2019<\/p>","protected":false},"author":1,"featured_media":0,"parent":0,"menu_order":0,"comment_status":"closed","ping_status":"closed","template":"","meta":{"_coblocks_attr":"","_coblocks_dimensions":"","_coblocks_responsive_height":"","_coblocks_accordion_ie_support":"","footnotes":""},"class_list":["post-8470","page","type-page","status-publish","hentry"],"_links":{"self":[{"href":"https:\/\/otbi.be\/fr\/wp-json\/wp\/v2\/pages\/8470","targetHints":{"allow":["GET"]}}],"collection":[{"href":"https:\/\/otbi.be\/fr\/wp-json\/wp\/v2\/pages"}],"about":[{"href":"https:\/\/otbi.be\/fr\/wp-json\/wp\/v2\/types\/page"}],"author":[{"embeddable":true,"href":"https:\/\/otbi.be\/fr\/wp-json\/wp\/v2\/users\/1"}],"replies":[{"embeddable":true,"href":"https:\/\/otbi.be\/fr\/wp-json\/wp\/v2\/comments?post=8470"}],"version-history":[{"count":0,"href":"https:\/\/otbi.be\/fr\/wp-json\/wp\/v2\/pages\/8470\/revisions"}],"wp:attachment":[{"href":"https:\/\/otbi.be\/fr\/wp-json\/wp\/v2\/media?parent=8470"}],"curies":[{"name":"wp","href":"https:\/\/api.w.org\/{rel}","templated":true}]}}