{"id":8109,"date":"2024-10-14T08:41:10","date_gmt":"2024-10-14T08:41:10","guid":{"rendered":"https:\/\/demo.casethemes.net\/maiko\/?page_id=8109"},"modified":"2024-10-14T08:41:10","modified_gmt":"2024-10-14T08:41:10","slug":"interactive-links","status":"publish","type":"page","link":"https:\/\/otbi.be\/fr\/interactive-links\/","title":{"rendered":"Interactive Links"},"content":{"rendered":"<div data-elementor-type=\"wp-page\" data-elementor-id=\"8109\" class=\"elementor elementor-8109\" data-elementor-post-type=\"page\">\n\t\t\t\t        <section class=\"elementor-section elementor-top-section elementor-element elementor-element-8f7b65d elementor-section-stretched elementor-section-full_width elementor-section-height-default elementor-section-height-default pxl-row-scroll-none pxl-zoom-point-false pxl-section-overflow-visible pxl-section-fix-none pxl_parallax_bg_img_noise-none pxl-full-content-with-space-none pxl-bg-color-none pxl-section-overlay-none exad-glass-effect-no exad-sticky-section-no\" data-id=\"8f7b65d\" data-element_type=\"section\" data-e-type=\"section\" data-settings=\"{&quot;stretch_section&quot;:&quot;section-stretched&quot;}\">\n\n                \n                <div class=\"elementor-container elementor-column-gap-no\">\n                <div class=\"elementor-column elementor-col-100 elementor-top-column elementor-element elementor-element-9e9e4dd pxl-column-none pxl-column-overflow-hidden-no pxl-column-zoom-no exad-glass-effect-no exad-sticky-section-no\" data-id=\"9e9e4dd\" data-element_type=\"column\" data-e-type=\"column\">\r\n        <div class=\"elementor-widget-wrap elementor-element-populated\">\r\n                     \r\n        \t\t<div class=\"elementor-element elementor-element-2d5bb9f pxl-post-layout-portfolio-3 exad-sticky-section-no exad-glass-effect-no elementor-widget elementor-widget-pxl_post_grid\" data-id=\"2d5bb9f\" data-element_type=\"widget\" data-e-type=\"widget\" data-widget_type=\"pxl_post_grid.default\">\n\t\t\t\t<div class=\"elementor-widget-container\">\n\t\t\t\t\t\n<div id=\"pxl_post_grid-2d5bb9f-2484\" class=\"pxl-grid pxl-portfolio-grid pxl-portfolio-grid-layout3 pxl-portfolio-style3\" data-start-page=\"1\" data-max-pages=\"2\" data-total=\"9\" data-perpage=\"7\" data-next-link=\"https:\/\/otbi.be\/fr\/wp-json\/wp\/v2\/pages\/8109\/page\/2\/\" data-layout=\"masonry\">\n            <div class=\"pxl-grid-filter\">\n            <div class=\"pxl--filter-inner\">\n                <span class=\"filter-item active\" data-filter=\"*\">\n                    ALL PROJECTS                                              <span class=\"filter-item-count\">\n                            7                        <\/span> \n                                    <\/span>\n                                        <span class=\"filter-item\" data-filter=\".apartment\">\n                            Apartment.                                                            <span class=\"filter-item-count\">\n                                    4                                <\/span> \n                                                    <\/span>\n                                                            <span class=\"filter-item\" data-filter=\".architecture\">\n                            l&#039;architecture                                                            <span class=\"filter-item-count\">\n                                    7                                <\/span> \n                                                    <\/span>\n                                                            <span class=\"filter-item\" data-filter=\".building\">\n                            b\u00e2timent                                                            <span class=\"filter-item-count\">\n                                    6                                <\/span> \n                                                    <\/span>\n                                                            <span class=\"filter-item\" data-filter=\".civil-cultural\">\n                            Civile                                                            <span class=\"filter-item-count\">\n                                    6                                <\/span> \n                                                    <\/span>\n                                                            <span class=\"filter-item\" data-filter=\".commercial\">\n                            Commercial                                                            <span class=\"filter-item-count\">\n                                    2                                <\/span> \n                                                    <\/span>\n                                                            <span class=\"filter-item\" data-filter=\".design\">\n                            Conception                                                            <span class=\"filter-item-count\">\n                                    7                                <\/span> \n                                                    <\/span>\n                                                            <span class=\"filter-item\" data-filter=\".duplex\">\n                            Duplex.                                                            <span class=\"filter-item-count\">\n                                    4                                <\/span> \n                                                    <\/span>\n                                                            <span class=\"filter-item\" data-filter=\".house\">\n                            Maison.                                                            <span class=\"filter-item-count\">\n                                    5                                <\/span> \n                                                    <\/span>\n                                                            <span class=\"filter-item\" data-filter=\".residence\">\n                            R\u00e9sidence                                                            <span class=\"filter-item-count\">\n                                    6                                <\/span> \n                                                    <\/span>\n                                                <\/div>\n            <div class=\"filter-marker\"><\/div>\n        <\/div>\n        <div class=\"pxl-grid-inner pxl-grid-masonry row\" data-gutter=\"15\">\n        <div class=\"grid-sizer col-xxl-12 col-xl-12 col-lg-12 col-md-12 col-sm-12 col-12\"><\/div>\n                        <div class=\"pxl-grid-item col-xxl-12 col-xl-12 col-lg-12 col-md-12 col-sm-12 col-12 architecture building civil-cultural commercial design duplex fade-in-up\" data-target=\".item-img-0\">\n                    <div class=\"pxl-post--inner\" data-wow-duration=\"1.2s\">\n                        <div class=\"pxl-post--holder\">\n                                                            <div class=\"pxl-post--category\">\n                                    <a href=\"https:\/\/otbi.be\/fr\/portfolio\/architecture\/\" rel=\"tag\">l&#039;architecture<\/a>,<a href=\"https:\/\/otbi.be\/fr\/portfolio\/building\/\" rel=\"tag\">b\u00e2timent<\/a>,<a href=\"https:\/\/otbi.be\/fr\/portfolio\/civil-cultural\/\" rel=\"tag\">Civile<\/a>,<a href=\"https:\/\/otbi.be\/fr\/portfolio\/commercial\/\" rel=\"tag\">Commercial<\/a>,<a href=\"https:\/\/otbi.be\/fr\/portfolio\/design\/\" rel=\"tag\">Conception<\/a>,<a href=\"https:\/\/otbi.be\/fr\/portfolio\/duplex\/\" rel=\"tag\">Duplex.<\/a>                                <\/div>\n                                                        <h5 class=\"pxl-post--title\">\n                                <a href=\"https:\/\/otbi.be\/fr\/portfolio\/chantier-pharmaanvers\/\">   \n                                    Chantier: Notre client pharma apotheek Anvers                                <\/a>\n                            <\/h5>\n                        <\/div>\n                    <\/div>\n                <\/div>\n                                    <div class=\"pxl-grid-item col-xxl-12 col-xl-12 col-lg-12 col-md-12 col-sm-12 col-12 apartment architecture building civil-cultural design duplex house residence fade-in-up\" data-target=\".item-img-1\">\n                    <div class=\"pxl-post--inner\" data-wow-duration=\"1.2s\">\n                        <div class=\"pxl-post--holder\">\n                                                            <div class=\"pxl-post--category\">\n                                    <a href=\"https:\/\/otbi.be\/fr\/portfolio\/apartment\/\" rel=\"tag\">Apartment.<\/a>,<a href=\"https:\/\/otbi.be\/fr\/portfolio\/architecture\/\" rel=\"tag\">l&#039;architecture<\/a>,<a href=\"https:\/\/otbi.be\/fr\/portfolio\/building\/\" rel=\"tag\">b\u00e2timent<\/a>,<a href=\"https:\/\/otbi.be\/fr\/portfolio\/civil-cultural\/\" rel=\"tag\">Civile<\/a>,<a href=\"https:\/\/otbi.be\/fr\/portfolio\/design\/\" rel=\"tag\">Conception<\/a>,<a href=\"https:\/\/otbi.be\/fr\/portfolio\/duplex\/\" rel=\"tag\">Duplex.<\/a>,<a href=\"https:\/\/otbi.be\/fr\/portfolio\/house\/\" rel=\"tag\">Maison.<\/a>,<a href=\"https:\/\/otbi.be\/fr\/portfolio\/residence\/\" rel=\"tag\">R\u00e9sidence<\/a>                                <\/div>\n                                                        <h5 class=\"pxl-post--title\">\n                                <a href=\"https:\/\/otbi.be\/fr\/portfolio\/chantier-wezembeekoppem\/\">   \n                                    Chantier Wezembeek-Oppem                                <\/a>\n                            <\/h5>\n                        <\/div>\n                    <\/div>\n                <\/div>\n                                    <div class=\"pxl-grid-item col-xxl-12 col-xl-12 col-lg-12 col-md-12 col-sm-12 col-12 apartment architecture building civil-cultural commercial design duplex house residence fade-in-up\" data-target=\".item-img-2\">\n                    <div class=\"pxl-post--inner\" data-wow-duration=\"1.2s\">\n                        <div class=\"pxl-post--holder\">\n                                                            <div class=\"pxl-post--category\">\n                                    <a href=\"https:\/\/otbi.be\/fr\/portfolio\/apartment\/\" rel=\"tag\">Apartment.<\/a>,<a href=\"https:\/\/otbi.be\/fr\/portfolio\/architecture\/\" rel=\"tag\">l&#039;architecture<\/a>,<a href=\"https:\/\/otbi.be\/fr\/portfolio\/building\/\" rel=\"tag\">b\u00e2timent<\/a>,<a href=\"https:\/\/otbi.be\/fr\/portfolio\/civil-cultural\/\" rel=\"tag\">Civile<\/a>,<a href=\"https:\/\/otbi.be\/fr\/portfolio\/commercial\/\" rel=\"tag\">Commercial<\/a>,<a href=\"https:\/\/otbi.be\/fr\/portfolio\/design\/\" rel=\"tag\">Conception<\/a>,<a href=\"https:\/\/otbi.be\/fr\/portfolio\/duplex\/\" rel=\"tag\">Duplex.<\/a>,<a href=\"https:\/\/otbi.be\/fr\/portfolio\/house\/\" rel=\"tag\">Maison.<\/a>,<a href=\"https:\/\/otbi.be\/fr\/portfolio\/residence\/\" rel=\"tag\">R\u00e9sidence<\/a>                                <\/div>\n                                                        <h5 class=\"pxl-post--title\">\n                                <a href=\"https:\/\/otbi.be\/fr\/portfolio\/chantier-brainelechateau\/\">   \n                                    Chantier Braine-le-Ch\u00e2teau                                <\/a>\n                            <\/h5>\n                        <\/div>\n                    <\/div>\n                <\/div>\n                                    <div class=\"pxl-grid-item col-xxl-12 col-xl-12 col-lg-12 col-md-12 col-sm-12 col-12 apartment architecture building civil-cultural design duplex house residence fade-in-up\" data-target=\".item-img-3\">\n                    <div class=\"pxl-post--inner\" data-wow-duration=\"1.2s\">\n                        <div class=\"pxl-post--holder\">\n                                                            <div class=\"pxl-post--category\">\n                                    <a href=\"https:\/\/otbi.be\/fr\/portfolio\/apartment\/\" rel=\"tag\">Apartment.<\/a>,<a href=\"https:\/\/otbi.be\/fr\/portfolio\/architecture\/\" rel=\"tag\">l&#039;architecture<\/a>,<a href=\"https:\/\/otbi.be\/fr\/portfolio\/building\/\" rel=\"tag\">b\u00e2timent<\/a>,<a href=\"https:\/\/otbi.be\/fr\/portfolio\/civil-cultural\/\" rel=\"tag\">Civile<\/a>,<a href=\"https:\/\/otbi.be\/fr\/portfolio\/design\/\" rel=\"tag\">Conception<\/a>,<a href=\"https:\/\/otbi.be\/fr\/portfolio\/duplex\/\" rel=\"tag\">Duplex.<\/a>,<a href=\"https:\/\/otbi.be\/fr\/portfolio\/house\/\" rel=\"tag\">Maison.<\/a>,<a href=\"https:\/\/otbi.be\/fr\/portfolio\/residence\/\" rel=\"tag\">R\u00e9sidence<\/a>                                <\/div>\n                                                        <h5 class=\"pxl-post--title\">\n                                <a href=\"https:\/\/otbi.be\/fr\/portfolio\/chantier-evere-bru\/\">   \n                                    Chantier Bruxelles Evere                                <\/a>\n                            <\/h5>\n                        <\/div>\n                    <\/div>\n                <\/div>\n                                    <div class=\"pxl-grid-item col-xxl-12 col-xl-12 col-lg-12 col-md-12 col-sm-12 col-12 architecture building design residence fade-in-up\" data-target=\".item-img-4\">\n                    <div class=\"pxl-post--inner\" data-wow-duration=\"1.2s\">\n                        <div class=\"pxl-post--holder\">\n                                                            <div class=\"pxl-post--category\">\n                                    <a href=\"https:\/\/otbi.be\/fr\/portfolio\/architecture\/\" rel=\"tag\">l&#039;architecture<\/a>,<a href=\"https:\/\/otbi.be\/fr\/portfolio\/building\/\" rel=\"tag\">b\u00e2timent<\/a>,<a href=\"https:\/\/otbi.be\/fr\/portfolio\/design\/\" rel=\"tag\">Conception<\/a>,<a href=\"https:\/\/otbi.be\/fr\/portfolio\/residence\/\" rel=\"tag\">R\u00e9sidence<\/a>                                <\/div>\n                                                        <h5 class=\"pxl-post--title\">\n                                <a href=\"https:\/\/otbi.be\/fr\/portfolio\/base-militaire\/\">   \n                                    Chantier pour notre client pour base militaire                                <\/a>\n                            <\/h5>\n                        <\/div>\n                    <\/div>\n                <\/div>\n                                    <div class=\"pxl-grid-item col-xxl-12 col-xl-12 col-lg-12 col-md-12 col-sm-12 col-12 apartment architecture building civil-cultural design house residence fade-in-up\" data-target=\".item-img-5\">\n                    <div class=\"pxl-post--inner\" data-wow-duration=\"1.2s\">\n                        <div class=\"pxl-post--holder\">\n                                                            <div class=\"pxl-post--category\">\n                                    <a href=\"https:\/\/otbi.be\/fr\/portfolio\/apartment\/\" rel=\"tag\">Apartment.<\/a>,<a href=\"https:\/\/otbi.be\/fr\/portfolio\/architecture\/\" rel=\"tag\">l&#039;architecture<\/a>,<a href=\"https:\/\/otbi.be\/fr\/portfolio\/building\/\" rel=\"tag\">b\u00e2timent<\/a>,<a href=\"https:\/\/otbi.be\/fr\/portfolio\/civil-cultural\/\" rel=\"tag\">Civile<\/a>,<a href=\"https:\/\/otbi.be\/fr\/portfolio\/design\/\" rel=\"tag\">Conception<\/a>,<a href=\"https:\/\/otbi.be\/fr\/portfolio\/house\/\" rel=\"tag\">Maison.<\/a>,<a href=\"https:\/\/otbi.be\/fr\/portfolio\/residence\/\" rel=\"tag\">R\u00e9sidence<\/a>                                <\/div>\n                                                        <h5 class=\"pxl-post--title\">\n                                <a href=\"https:\/\/otbi.be\/fr\/portfolio\/apart-jette\/\">   \n                                    Un immeuble avec des appartements pour nos clients \u00e0 Bruxelles,Jette                                <\/a>\n                            <\/h5>\n                        <\/div>\n                    <\/div>\n                <\/div>\n                                    <div class=\"pxl-grid-item col-xxl-12 col-xl-12 col-lg-12 col-md-12 col-sm-12 col-12 architecture civil-cultural design house residence fade-in-up\" data-target=\".item-img-6\">\n                    <div class=\"pxl-post--inner\" data-wow-duration=\"1.2s\">\n                        <div class=\"pxl-post--holder\">\n                                                            <div class=\"pxl-post--category\">\n                                    <a href=\"https:\/\/otbi.be\/fr\/portfolio\/architecture\/\" rel=\"tag\">l&#039;architecture<\/a>,<a href=\"https:\/\/otbi.be\/fr\/portfolio\/civil-cultural\/\" rel=\"tag\">Civile<\/a>,<a href=\"https:\/\/otbi.be\/fr\/portfolio\/design\/\" rel=\"tag\">Conception<\/a>,<a href=\"https:\/\/otbi.be\/fr\/portfolio\/house\/\" rel=\"tag\">Maison.<\/a>,<a href=\"https:\/\/otbi.be\/fr\/portfolio\/residence\/\" rel=\"tag\">R\u00e9sidence<\/a>                                <\/div>\n                                                        <h5 class=\"pxl-post--title\">\n                                <a href=\"https:\/\/otbi.be\/fr\/portfolio\/maison1-charleroi\/\">   \n                                    Une belle maison r\u00e9alis\u00e9e avec succ\u00e8s pour notre client \u00e0 Charleroi.                                <\/a>\n                            <\/h5>\n                        <\/div>\n                    <\/div>\n                <\/div>\n                            <div class=\"pxl-imgs-hover absolute\">\n                                                                            <div class=\"img-item pxl-absoluted overflow-hidden item-img-0\">\n                    <div class=\"img-inner pxl-absoluted overflow-hidden\">\n                        <img fetchpriority=\"high\" decoding=\"async\" width=\"1200\" height=\"1600\" src=\"https:\/\/otbi.be\/wp-content\/uploads\/2025\/03\/WhatsApp-Image-2025-03-17-at-23.30.42-1.jpeg\" class=\"no-lazyload img-hv-ac img-cover-center w-100 h-100 attachment-full\" alt=\"\" \/>                    <\/div>\n                <\/div>\n                                                                                    <div class=\"img-item pxl-absoluted overflow-hidden item-img-1\">\n                    <div class=\"img-inner pxl-absoluted overflow-hidden\">\n                        <img decoding=\"async\" width=\"1200\" height=\"1600\" src=\"https:\/\/otbi.be\/wp-content\/uploads\/2025\/03\/WhatsApp-Image-2025-03-17-at-22.05.51.jpeg\" class=\"no-lazyload img-hv-ac img-cover-center w-100 h-100 attachment-full\" alt=\"\" \/>                    <\/div>\n                <\/div>\n                                                                                    <div class=\"img-item pxl-absoluted overflow-hidden item-img-2\">\n                    <div class=\"img-inner pxl-absoluted overflow-hidden\">\n                        <img decoding=\"async\" width=\"1600\" height=\"1200\" src=\"https:\/\/otbi.be\/wp-content\/uploads\/2025\/03\/WhatsApp-Image-2025-03-17-at-21.41.03-1.jpeg\" class=\"no-lazyload img-hv-ac img-cover-center w-100 h-100 attachment-full\" alt=\"\" \/>                    <\/div>\n                <\/div>\n                                                                                    <div class=\"img-item pxl-absoluted overflow-hidden item-img-3\">\n                    <div class=\"img-inner pxl-absoluted overflow-hidden\">\n                        <img loading=\"lazy\" decoding=\"async\" width=\"1200\" height=\"1600\" src=\"https:\/\/otbi.be\/wp-content\/uploads\/2025\/03\/WhatsApp-Image-2025-03-17-at-21.13.12.jpeg\" class=\"no-lazyload img-hv-ac img-cover-center w-100 h-100 attachment-full\" alt=\"\" \/>                    <\/div>\n                <\/div>\n                                                                                    <div class=\"img-item pxl-absoluted overflow-hidden item-img-4\">\n                    <div class=\"img-inner pxl-absoluted overflow-hidden\">\n                        <img loading=\"lazy\" decoding=\"async\" width=\"1200\" height=\"1600\" src=\"https:\/\/otbi.be\/wp-content\/uploads\/2025\/03\/WhatsApp-Image-2025-03-17-at-20.19.06-2.jpeg\" class=\"no-lazyload img-hv-ac img-cover-center w-100 h-100 attachment-full\" alt=\"\" \/>                    <\/div>\n                <\/div>\n                                                                                    <div class=\"img-item pxl-absoluted overflow-hidden item-img-5\">\n                    <div class=\"img-inner pxl-absoluted overflow-hidden\">\n                        <img loading=\"lazy\" decoding=\"async\" width=\"1200\" height=\"1600\" src=\"https:\/\/otbi.be\/wp-content\/uploads\/2025\/03\/WhatsApp-Image-2025-03-16-at-22.07.25-2.jpeg\" class=\"no-lazyload img-hv-ac img-cover-center w-100 h-100 attachment-full\" alt=\"\" \/>                    <\/div>\n                <\/div>\n                                                                                    <div class=\"img-item pxl-absoluted overflow-hidden item-img-6\">\n                    <div class=\"img-inner pxl-absoluted overflow-hidden\">\n                        <img loading=\"lazy\" decoding=\"async\" width=\"1200\" height=\"1600\" src=\"https:\/\/otbi.be\/wp-content\/uploads\/2025\/03\/WhatsApp-Image-2025-03-16-at-21.55.19-1.jpeg\" class=\"no-lazyload img-hv-ac img-cover-center w-100 h-100 attachment-full\" alt=\"\" \/>                    <\/div>\n                <\/div>\n                        <\/div>\n    <\/div>\n        <\/div>\t\t\t\t<\/div>\n\t\t\t\t<\/div>\n\t\t            <\/div>\r\n        <\/div>\r\n        \t\t\t<\/div>\n\t\t<\/section>\n\t\t\t\t<\/div>","protected":false},"excerpt":{"rendered":"<p>ALL PROJECTS 7 architecture 1 building 3 interior 2 Residence 1 architecture Stylish Family Appartment building Minimal Guests House building Art Family Residence interior Luxury Bathroom Interior building Private House in Spain Residence Minimalistic Style Appartment interior Luxury Bathroom Interior<\/p>","protected":false},"author":1,"featured_media":0,"parent":0,"menu_order":0,"comment_status":"closed","ping_status":"closed","template":"","meta":{"_coblocks_attr":"","_coblocks_dimensions":"","_coblocks_responsive_height":"","_coblocks_accordion_ie_support":"","footnotes":""},"class_list":["post-8109","page","type-page","status-publish","hentry"],"_links":{"self":[{"href":"https:\/\/otbi.be\/fr\/wp-json\/wp\/v2\/pages\/8109","targetHints":{"allow":["GET"]}}],"collection":[{"href":"https:\/\/otbi.be\/fr\/wp-json\/wp\/v2\/pages"}],"about":[{"href":"https:\/\/otbi.be\/fr\/wp-json\/wp\/v2\/types\/page"}],"author":[{"embeddable":true,"href":"https:\/\/otbi.be\/fr\/wp-json\/wp\/v2\/users\/1"}],"replies":[{"embeddable":true,"href":"https:\/\/otbi.be\/fr\/wp-json\/wp\/v2\/comments?post=8109"}],"version-history":[{"count":0,"href":"https:\/\/otbi.be\/fr\/wp-json\/wp\/v2\/pages\/8109\/revisions"}],"wp:attachment":[{"href":"https:\/\/otbi.be\/fr\/wp-json\/wp\/v2\/media?parent=8109"}],"curies":[{"name":"wp","href":"https:\/\/api.w.org\/{rel}","templated":true}]}}